{"id":5326,"date":"2020-07-08T17:01:38","date_gmt":"2020-07-08T17:01:38","guid":{"rendered":"http:\/\/emilyrosemichaud.com\/extended-bio"},"modified":"2023-03-05T02:59:09","modified_gmt":"2023-03-05T02:59:09","slug":"bio-detaillee","status":"publish","type":"page","link":"https:\/\/emilyrosemichaud.com\/fr\/bio-detaillee","title":{"rendered":"Extended Bio"},"content":{"rendered":"<div class=\"wpb-content-wrapper\">[vc_row][vc_column][vc_column_text]\n<h1><b>Bio Twitter<\/b><\/h1>\n<p>Artiste et \u00e9ducatrice interdisciplinaire qui \u0153uvre au carrefour de l\u2019organisation communautaire, de l\u2019\u00e9cologie et la participation citoyen.\u00a0B.A.V.; B.\u00c9d; Artiste avec\u00a0<a href=\"https:\/\/www.masconline.ca\/artist\/emily-rose-michaud\/\">MASC<\/a>\u00a0\/\u00a0<a href=\"https:\/\/artistsinspire.ca\/artist\/emily-rose-michaud\/\">ELAN<\/a>;\u00a0Enseignante certifi\u00e9e de l\u2019Ontario.<\/p>\n<h1><b>Bio Web<\/b><\/h1>\n<p>Emily Rose Michaud est une artiste et \u00e9ducatrice interdisciplinaire qui \u0153uvre au carrefour de l\u2019organisation communautaire, de\u00a0l\u2019\u00e9cologie\u00a0et la participation citoyen. Son\u00a0<a href=\"\/projects\">art<\/a>, met en relief\u00a0l\u2019importance\u00a0des paysages marginaux au sein\u00a0de la soci\u00e9t\u00e9,\u00a0s\u2019associe\u00a0\u00e0 la terre comme \u00e0 un \u00eatre vivant et\u00a0s\u2019exprime\u00a0par le biais de moyens\u00a0d\u2019expression\u00a0\u00e9ph\u00e9m\u00e8res. Sa production artistique est vari\u00e9e : art nature, installations, dessin, \u00e9crits, performances et art d\u2019intervention. Au cours des derni\u00e8res ann\u00e9es, ses projets\u00a0d\u2019art\u00a0in situ, ses participations \u00e0 des conf\u00e9rences, ses projets d\u2019art activiste sur le plan communautaire, ses performances et ses publications ont tous \u00e9t\u00e9 le r\u00e9sultat de son\u00a0approche environnementale. Son \u0153uvre a \u00e9t\u00e9 mise expos\u00e9e\u00a0\u00e0\u00a0l\u2019\u00e9chelle\u00a0nationale dans des galeries\u00a0d\u2019art, ainsi que dans des lieux et des espaces moins formels. Emily a aussi su attirer l\u2019attention des m\u00e9dias internationaux gr\u00e2ce \u00e0 son projet du\u00a0<a href=\"\/albums\/the-roerich-garden-project\">Jardin Roerich<\/a>, mis en oeuvre\u00a0\u00e0 Montr\u00e9al (2007-2011).\u00a0Emily Rose Michaud d\u00e9tient un bac en beaux-arts de\u00a0l\u2019Universit\u00e9\u00a0Concordia \u00e0 Montr\u00e9al, un bac en \u00e9ducation de\u00a0l\u2019Universit\u00e9\u00a0d\u2019Ottawa. Elle r\u00e9side \u00e0 Gatineau.<\/p>\n<h1><b>Bio D\u00e9taill\u00e9e<\/b><\/h1>\n<p>Emily Rose Michaud est une artiste et \u00e9ducatrice interdisciplinaire qui \u0153uvre au carrefour de l\u2019organisation communautaire, de l\u2019\u00e9cologie et la participation citoyen. Son\u00a0<a href=\"\/projects\">art<\/a>, met en relief l\u2019importance des paysages marginaux au sein\u00a0de la soci\u00e9t\u00e9, s\u2019associe \u00e0 la terre comme \u00e0 un \u00eatre vivant et s\u2019exprime par le biais de moyens d\u2019expression \u00e9ph\u00e9m\u00e8res. Sa production artistique est vari\u00e9e : art nature, installations, dessin, \u00e9crits, performances et art d\u2019intervention. Au cours des derni\u00e8res ann\u00e9es, ses projets d\u2019art in situ, ses participations \u00e0 des conf\u00e9rences, ses projets d\u2019art activiste sur le plan communautaire, ses performances et ses publications ont tous \u00e9t\u00e9 le r\u00e9sultat de son\u00a0approche environnementale. Son \u0153uvre a \u00e9t\u00e9 mise expos\u00e9e\u00a0\u00e0 l\u2019\u00e9chelle nationale dans des galeries d\u2019art, ainsi que dans des lieux et des espaces moins formels. Emily a aussi su attirer l\u2019attention des m\u00e9dias internationaux gr\u00e2ce \u00e0 son projet du\u00a0<a href=\"\/albums\/the-roerich-garden-project\">Jardin Roerich<\/a>, mis en oeuvre\u00a0\u00e0 Montr\u00e9al (2007-2011).<\/p>\n<p>\u00c9tablie \u00e0 Montr\u00e9al depuis 2000, Emily\u00a0a travaill\u00e9 en collaboration avec des personnes issues de diff\u00e9rents horizons, soit des architectes, des botanistes, des jardiniers, des repr\u00e9sentants municipaux, des activistes, des journalistes, des membres de groupes communautaires, des politiciens et des jeunes. En 2009, elle a co-fond\u00e9 l\u2019organisme \u00e0 but non-lucratif\u00a0<a href=\"http:\/\/amisduchamp.com\/a-propos\/historique\/\">Les Amis du Champ des Possibles<\/a>, un organisme\u00a0men\u00e9 par des citoyens et qui veut d\u00e9montrer et encourager l\u2019importance culturelle, \u00e9cologique et sociale des espaces urbains sauvages. Ses efforts soutenus dans l\u2019art et le paysage ressortent des r\u00e9gions biog\u00e9ographiques de l\u2019Outaouais dans l\u2019ouest qu\u00e9b\u00e9cois et de Montr\u00e9al.<\/p>\n<p>Emily a r\u00e9dig\u00e9 des textes\u00a0pour des publications\u00a0universitaires. Elle a \u00e9t\u00e9 directrice artistique et co-r\u00e9dactrice du\u00a0<a href=\"http:\/\/roerichproject.artefati.ca\/\">Roerich Garden open book project<\/a>, (2008-2011), en plus d\u2019avoir produit des essais et des textes\u00a0pour les recueils\u00a0<a href=\"\/wp-content\/uploads\/2014\/08\/DIY-Citizenship.pdf\">DIY Citizenship: Critical Making and Social Media, MIT Press<\/a>\u00a0(2014), et\u00a0<a href=\"http:\/\/www.mqup.ca\/thinking-with-water-products-9780773541801.php\">Thinking With Water<\/a>, McGill-Queen\u2019s University Press (2013).<\/p>\n<p>Emily Rose Michaud d\u00e9tient un bac en beaux-arts de l\u2019Universit\u00e9 Concordia \u00e0 Montr\u00e9al, un bac en \u00e9ducation de l\u2019Universit\u00e9 d\u2019Ottawa. Elle r\u00e9side \u00e0 Gatineau.[\/vc_column_text][\/vc_column][\/vc_row]\n<\/div>","protected":false},"excerpt":{"rendered":"<p>[vc_row][vc_column][vc_column_text] Bio Twitter Artiste et \u00e9ducatrice interdisciplinaire qui \u0153uvre au carrefour de l\u2019organisation communautaire, de l\u2019\u00e9cologie et la participation citoyen.\u00a0B.A.V.; B.\u00c9d; Artiste avec\u00a0MASC\u00a0\/\u00a0ELAN;\u00a0Enseignante certifi\u00e9e de l\u2019Ontario. Bio Web Emily Rose Michaud est une artiste et \u00e9ducatrice interdisciplinaire qui \u0153uvre au&hellip;<\/p>\n","protected":false},"author":6,"featured_media":0,"parent":0,"menu_order":0,"comment_status":"closed","ping_status":"closed","template":"","meta":{"footnotes":""},"class_list":["post-5326","page","type-page","status-publish","hentry","entry","no-media"],"_links":{"self":[{"href":"https:\/\/emilyrosemichaud.com\/fr\/wp-json\/wp\/v2\/pages\/5326","targetHints":{"allow":["GET"]}}],"collection":[{"href":"https:\/\/emilyrosemichaud.com\/fr\/wp-json\/wp\/v2\/pages"}],"about":[{"href":"https:\/\/emilyrosemichaud.com\/fr\/wp-json\/wp\/v2\/types\/page"}],"author":[{"embeddable":true,"href":"https:\/\/emilyrosemichaud.com\/fr\/wp-json\/wp\/v2\/users\/6"}],"replies":[{"embeddable":true,"href":"https:\/\/emilyrosemichaud.com\/fr\/wp-json\/wp\/v2\/comments?post=5326"}],"version-history":[{"count":3,"href":"https:\/\/emilyrosemichaud.com\/fr\/wp-json\/wp\/v2\/pages\/5326\/revisions"}],"predecessor-version":[{"id":6430,"href":"https:\/\/emilyrosemichaud.com\/fr\/wp-json\/wp\/v2\/pages\/5326\/revisions\/6430"}],"wp:attachment":[{"href":"https:\/\/emilyrosemichaud.com\/fr\/wp-json\/wp\/v2\/media?parent=5326"}],"curies":[{"name":"wp","href":"https:\/\/api.w.org\/{rel}","templated":true}]}}