{"id":7112,"date":"2014-04-23T16:50:01","date_gmt":"2014-04-23T16:50:01","guid":{"rendered":"https:\/\/emilyrosemichaud.com\/?page_id=7112"},"modified":"2025-09-20T16:04:47","modified_gmt":"2025-09-20T16:04:47","slug":"about","status":"publish","type":"page","link":"https:\/\/emilyrosemichaud.com\/fr\/about","title":{"rendered":"About"},"content":{"rendered":"<div class=\"wpb-content-wrapper\">[vc_row][vc_column]<div class=\"vcex-image vcex-module vcex-clr textcenter\"><span class=\"vcex-image-inner\"><img decoding=\"async\" data-src=\"https:\/\/emilyrosemichaud.com\/wp-content\/uploads\/2025\/09\/DSCF0130-Curtis-Perry-1-400x500.jpg\" alt='' data-no-retina width=\"400\" height=\"500\" src=\"data:image\/gif;base64,R0lGODlhAQABAAAAACH5BAEKAAEALAAAAAABAAEAAAICTAEAOw==\" class=\"lazyload\" style=\"--smush-placeholder-width: 400px; --smush-placeholder-aspect-ratio: 400\/500;\" \/><\/span><\/div>[\/vc_column][\/vc_row][vc_row][vc_column][vc_column_text css=\u00a0\u00bb\u00a0\u00bb]<span style=\"font-weight: 400;\">Emily Rose Michaud est une artiste et \u00e9ducatrice interdisciplinaire qui \u0153uvre au carrefour de l\u2019organisation communautaire, de l\u2019\u00e9cologie et la participation citoyenne. Son <\/span><a href=\"https:\/\/emilyrosemichaud.com\/fr\/projects\"><span style=\"font-weight: 400;\">art<\/span><\/a><span style=\"font-weight: 400;\">, met en relief l\u2019importance des paysages marginaux au sein de la soci\u00e9t\u00e9, s\u2019associe \u00e0 la terre comme \u00e0 un \u00eatre vivant et s\u2019exprime par le biais de moyens d\u2019expression \u00e9ph\u00e9m\u00e8res. Sa production artistique est vari\u00e9e : land art, installations, dessin, peinture, \u00e9crits, et art d\u2019intervention. Au cours des derni\u00e8res ann\u00e9es, ses projets d\u2019art in situ, ses participations \u00e0 des conf\u00e9rences, ses projets d\u2019art activiste sur le plan communautaire, ses performances et ses publications ont tous \u00e9t\u00e9 le r\u00e9sultat de son approche environnementale. Son \u0153uvre a \u00e9t\u00e9 expos\u00e9e \u00e0 l\u2019\u00e9chelle nationale dans des galeries d\u2019art, ainsi que dans des lieux et des espaces moins formels. Michaud a aussi su attirer l\u2019attention des m\u00e9dias internationaux gr\u00e2ce \u00e0 son projet du <\/span><a href=\"https:\/\/emilyrosemichaud.com\/fr\/portfolio-item\/roerich-garden-project\"><span style=\"font-weight: 400;\">Jardin Roerich<\/span><\/a><span style=\"font-weight: 400;\">, mis en \u0153uvre \u00e0 Montr\u00e9al (2007-2011).<\/span><\/p>\n<p><span style=\"font-weight: 400;\">Ayant \u0153uvr\u00e9 \u00e0 Montr\u00e9al pendant 15 ans, elle a collabor\u00e9 avec des personnes issues de diff\u00e9rents horizons, soit des architectes, des botanistes, des jardiniers, des repr\u00e9sentants municipaux, des activistes, des journalistes, des membres de groupes communautaires, des politiciens et des jeunes. En 2009, elle a cofond\u00e9 l\u2019organisme \u00e0 but non lucratif <\/span><a href=\"https:\/\/champdespossibles.org\/a-propos\/\"><span style=\"font-weight: 400;\">Les Amis du Champ des Possibles<\/span><\/a><span style=\"font-weight: 400;\">, un organisme men\u00e9 par des citoyens ayant pour but de d\u00e9montrer et d\u2019encourager l\u2019importance culturelle, \u00e9cologique et sociale des espaces urbains sauvages. Elle est maintenant \u00e9tablie dans la r\u00e9gion de l\u2019Outaouais au Qu\u00e9bec depuis 2012.\u00a0<\/span><\/p>\n<p><span style=\"font-weight: 400;\">Michaud a r\u00e9dig\u00e9 des textes pour des publications universitaires. Elle a \u00e9t\u00e9 directrice artistique et co-r\u00e9dactrice du Roerich Garden open book project, (2008-2011), en plus d\u2019avoir produit des essais et des textes pour les recueils <\/span><a href=\"https:\/\/emilyrosemichaud.com\/wp-content\/uploads\/2014\/08\/DIY-Citizenship.pdf\"><span style=\"font-weight: 400;\">DIY Citizenship: Critical Making and Social Media, MIT Press<\/span><\/a><span style=\"font-weight: 400;\"> (2014), et <\/span><a href=\"http:\/\/www.mqup.ca\/thinking-with-water-products-9780773541801.php\"><span style=\"font-weight: 400;\">Thinking With Water<\/span><\/a><span style=\"font-weight: 400;\">, McGill-Queen\u2019s University Press (2013).<\/span><\/p>\n<p><span style=\"font-weight: 400;\">Emily Rose Michaud d\u00e9tient un bac en beaux-arts de l\u2019Universit\u00e9 Concordia \u00e0 Montr\u00e9al, un bac en \u00e9ducation de l\u2019Universit\u00e9 d\u2019Ottawa. Elle r\u00e9side \u00e0 Chelsea, Qc.<\/span><\/p>\n<p>&nbsp;<\/p>\n[\/vc_column_text][vc_column_text css=\u00a0\u00bb\u00a0\u00bb]\n<p>&nbsp;<\/p>\n<p class=\"p1\"><span class=\"s1\"><b>Mot de l&rsquo;artiste<\/b><\/span><\/p>\n<p>&nbsp;<\/p>\n<p><span style=\"font-weight: 400;\">Je trouve vivifiant la vie culturelle et les mouvements sociaux des m\u00e9tropoles, de l\u2019autre, je ressens un besoin personnel d\u2019\u00eatre cr\u00e9ative en m\u2019inspirant des conditions et des \u00e9l\u00e9ments impr\u00e9visibles des paysages vivants; sous le ciel, au bord de l\u2019eau, dans les grands espaces.\u00a0<\/span><\/p>\n<p><span style=\"font-weight: 400;\">Land art, installation in situ, performance, dessin ou la peinture; mon art repr\u00e9sente bien plus qu\u2019un simple objet \u2013 j\u2019y transmets mon exp\u00e9rience. J\u2019invite les gens \u00e0 participer \u00e0 une chose naturelle et \u00e9ph\u00e9m\u00e8re dans le but de stimuler le sens d\u2019appartenance. Dans mon \u0153uvre, je m\u2019efforce de collaborer avec des forces environnementales et sociales plus grandes que moi, de vaincre le cynisme, d\u2019\u00e9veiller notre conscience de la responsabilit\u00e9 collective que nous avons envers les lieux dans lesquels nous vivons et d\u2019approfondir notre relation aux paysages qui nous entourent. En tant que praticienne en arts visuels, je fais appel \u00e0 la vie (et l\u2019\u00e9nergie) sociale. Je ne pr\u00e9tends pas \u00eatre auteure, mais plut\u00f4t co-auteure de mes cr\u00e9ations.<\/span><\/p>\n<p><span style=\"font-weight: 400;\">Qu\u2019elle se manifeste par des tapisseries vivantes, par des projets d\u2019art nature \u00e9tendus sur quelques ann\u00e9es ou par un livre num\u00e9rique con\u00e7u pour \u00eatre modifi\u00e9, mon \u0153uvre englobe les processus et les traces vivantes des mat\u00e9riaux comme pratique sociale. J\u2019exp\u00e9rimente avec des fa\u00e7ons de travailler qui enrichissent les espaces publics, qui font des spectateurs des participants et qui poussent la production artistique au-del\u00e0 des milieux restreints, pour la transformer en action sociale, politique et environnementale. Selon une optique naturelle, culturelle et civique, je m\u2019int\u00e9resse aux syst\u00e8mes de vie de notre monde, de nos villes et de nos villages \u2013 et surtout \u00e0 leurs relations aux syst\u00e8mes municipaux et politiques ainsi qu\u2019aux d\u00e9cisions qui ont un effet sur le d\u00e9veloppement, l\u2019\u00e9cologie et l\u2019utilisation des terres dans les milieux urbains et ruraux.\u00a0<\/span><\/p>\n<p><span style=\"font-weight: 400;\">Ma pratique actuelle s\u2019oriente vers les bassins versants de la rivi\u00e8re des Outaouais, syst\u00e8mes intelligents et interconnect\u00e9s qui r\u00e9unissent humains, \u00e9cologie et histoire. Mon approche holistique du monde embrasse la vie qui m\u2019entoure \u2013 \u00e0 l\u2019\u00e9coute des lieux, animaux, personnes, saisons et l&rsquo;interd\u00e9pendance des \u00eatres vivants. Ces rencontres fa\u00e7onnent mon travail \u00e0 travers diff\u00e9rents m\u00e9dias \u2013 dessin, peinture, c\u00e9ramique, cyanotype, textile vivant, audio et vid\u00e9o \u2013 un croisement entre l&rsquo;art, l&rsquo;\u00e9cologie et l&rsquo;\u00e9ducation qui ouvre un dialogue avec des \u00e9cosyst\u00e8mes \u00e0 la fois naturels et culturels.<\/span><\/p>\n<p><span style=\"font-weight: 400;\">J&rsquo;explore actuellement l&rsquo;utilisation des rayons UV du soleil pour exposer les mat\u00e9riaux assembl\u00e9s dans mes dessins cyanotypes. J&rsquo;explore aussi l&rsquo;alchimie des couleurs sous forme d&rsquo;encres botaniques dans mes peintures abstraites. En 2025, j&rsquo;ai commenc\u00e9 \u00e0 produire ces peintures et cyanotypes inspir\u00e9s de lieux pr\u00e9cis, explorant notre lien humain avec les cycles, la m\u00e9moire et la cartographie locale, des mat\u00e9riaux provenant des pigments du terroir quand elles sont accessibles (noyer noir, charbon, mica, craie, m\u00e9taux, m\u00fbres, racine de garance, hibiscus, etc.).\u00a0<\/span><\/p>\n<p><span style=\"font-weight: 400;\">&#8211; Septembre 2025.<\/span><\/p>\n[\/vc_column_text]<div class=\"vc_custom_1758309022670 wpex-clr\"><a href=\"https:\/\/emilyrosemichaud.com\/fr\/bio-detaillee\" class=\"vcex-button theme-button large inline animate-on-hover\"><span class=\"theme-button-inner\">En savoir plus<\/span><\/a><\/div> <div class=\"vcex-spacing\" style=\"height:10px\"><\/div><div class=\"vc_custom_1758342893145 wpex-clr\"><a href=\"http:\/\/emilyrosemichaud.com\/wp-content\/uploads\/2025\/09\/FR_ARTCV_09_15_2025-2.pdf\" class=\"vcex-button theme-button large inline animate-on-hover\"><span class=\"theme-button-inner\">T\u00e9l\u00e9charger le CV d&rsquo;Emily<\/span><\/a><\/div> [\/vc_column][\/vc_row]\n<\/div>","protected":false},"excerpt":{"rendered":"<p>[vc_row][vc_column][\/vc_column][\/vc_row][vc_row][vc_column][vc_column_text css=\u00a0\u00bb\u00a0\u00bb]Emily Rose Michaud est une artiste et \u00e9ducatrice interdisciplinaire qui \u0153uvre au carrefour de l\u2019organisation communautaire, de l\u2019\u00e9cologie et la participation citoyenne. Son art, met en relief l\u2019importance des paysages marginaux au sein de la soci\u00e9t\u00e9, s\u2019associe \u00e0 la&hellip;<\/p>\n","protected":false},"author":6,"featured_media":0,"parent":0,"menu_order":0,"comment_status":"closed","ping_status":"closed","template":"","meta":{"footnotes":""},"class_list":["post-7112","page","type-page","status-publish","hentry","entry","no-media"],"_links":{"self":[{"href":"https:\/\/emilyrosemichaud.com\/fr\/wp-json\/wp\/v2\/pages\/7112","targetHints":{"allow":["GET"]}}],"collection":[{"href":"https:\/\/emilyrosemichaud.com\/fr\/wp-json\/wp\/v2\/pages"}],"about":[{"href":"https:\/\/emilyrosemichaud.com\/fr\/wp-json\/wp\/v2\/types\/page"}],"author":[{"embeddable":true,"href":"https:\/\/emilyrosemichaud.com\/fr\/wp-json\/wp\/v2\/users\/6"}],"replies":[{"embeddable":true,"href":"https:\/\/emilyrosemichaud.com\/fr\/wp-json\/wp\/v2\/comments?post=7112"}],"version-history":[{"count":7,"href":"https:\/\/emilyrosemichaud.com\/fr\/wp-json\/wp\/v2\/pages\/7112\/revisions"}],"predecessor-version":[{"id":7148,"href":"https:\/\/emilyrosemichaud.com\/fr\/wp-json\/wp\/v2\/pages\/7112\/revisions\/7148"}],"wp:attachment":[{"href":"https:\/\/emilyrosemichaud.com\/fr\/wp-json\/wp\/v2\/media?parent=7112"}],"curies":[{"name":"wp","href":"https:\/\/api.w.org\/{rel}","templated":true}]}}